{"id":12976,"date":"2024-01-18T11:57:11","date_gmt":"2024-01-18T10:57:11","guid":{"rendered":"https:\/\/www.azvi.es\/ethical-channel\/"},"modified":"2024-06-05T10:12:53","modified_gmt":"2024-06-05T09:12:53","slug":"ethical-channel","status":"publish","type":"page","link":"https:\/\/www.azvi.es\/en\/ethical-channel\/","title":{"rendered":"Ethical channel"},"content":{"rendered":"<p>[vc_row full_width=&#8221;stretch_row&#8221; gap=&#8221;35&#8243; content_placement=&#8221;middle&#8221; parallax=&#8221;enable_parallax&#8221; bg_position=&#8221;center center&#8221; css=&#8221;.vc_custom_1707307392108{padding-top: 175px !important;padding-bottom: 175px !important;background-image: url(https:\/\/www.azvi.es\/wp-content\/uploads\/2024\/02\/AdobeStock_642080669.jpeg?id=10651) !important;background-position: center;background-repeat: no-repeat !important;background-size: cover !important;}&#8221; el_class=&#8221;z-index-2&#8243; responsive_css=&#8221;padding_right_large:4em|padding_left_large:4em&#8221;][vc_column responsive_css=&#8221;margin_bottom_medium:0px&#8221; css=&#8221;.vc_custom_1703249644401{margin-bottom: 20px !important;}&#8221;]<style>.ld_fancy_heading_69e57cb99b4c0 h2{color:rgb(255, 255, 255);}.ld_fancy_heading_69e57cb99b4c0 h2 {font-size:15vw; } @media (min-width: 768px) { .ld_fancy_heading_69e57cb99b4c0 h2 {font-size:70px; }  } @media (min-width: 992px) { .ld_fancy_heading_69e57cb99b4c0 h2 {font-size:120px; }  } @media (min-width: 1200px) { .ld_fancy_heading_69e57cb99b4c0 h2 {font-size:120px; }  } .ld_fancy_heading_69e57cb99b4c0 h2 {line-height:0.35em; } .ld_fancy_heading_69e57cb99b4c0 h2 {--element-line-height:0.35em; } .ld_fancy_heading_69e57cb99b4c0 h2 {letter-spacing:-0.04em; } .ld_fancy_heading_69e57cb99b4c0 h2 {margin-bottom:0px !important;  } .ld_fancy_heading_69e57cb99b4c0 .lqd-highlight-inner{height:0.175em!important;bottom:0px!important;}.ld_fancy_heading_69e57cb99b4c0 h2 {font-size:15vw; } @media (min-width: 768px) { .ld_fancy_heading_69e57cb99b4c0 h2 {font-size:70px; }  } @media (min-width: 992px) { .ld_fancy_heading_69e57cb99b4c0 h2 {font-size:120px; }  } @media (min-width: 1200px) { .ld_fancy_heading_69e57cb99b4c0 h2 {font-size:120px; }  } .ld_fancy_heading_69e57cb99b4c0 h2 {line-height:0.35em; } .ld_fancy_heading_69e57cb99b4c0 h2 {--element-line-height:0.35em; } .ld_fancy_heading_69e57cb99b4c0 h2 {letter-spacing:-0.04em; } .ld_fancy_heading_69e57cb99b4c0 h2 {margin-bottom:0px !important;  } <\/style><div class=\"ld-fancy-heading ld_fancy_heading_69e57cb99b4c0\">\n\t<h2 class=\"ld-fh-element lqd-highlight-underline lqd-highlight-grow-left text-decoration-default\"   >  Ethical channel<\/h2><\/div>[\/vc_column][\/vc_row][vc_row el_id=&#8221;idi&#8221;][vc_column parallax=&#8221;yes&#8221; scale_from_x=&#8221;1.2&#8243; scale_from_y=&#8221;1.2&#8243; from_opacity=&#8221;1&#8243; scale_to_x=&#8221;1&#8243; scale_to_y=&#8221;1&#8243; to_opacity=&#8221;1&#8243; enable_content_animation=&#8221;yes&#8221; ca_init_scale_x=&#8221;1&#8243; ca_init_scale_y=&#8221;1&#8243; ca_init_opacity=&#8221;0&#8243; ca_an_scale_x=&#8221;1&#8243; ca_an_scale_y=&#8221;1&#8243; ca_an_opacity=&#8221;1&#8243; scale_from_z=&#8221;1&#8243; scale_to_z=&#8221;1&#8243; align=&#8221;text-center&#8221; responsive_css=&#8221;padding_right_medium:6%25|padding_left_medium:6%25&#8243; css=&#8221;.vc_custom_1701432519273{margin-bottom: 65px !important;}&#8221; ca_duration=&#8221;1800&#8243; ca_delay=&#8221;180&#8243; ca_init_translate_y=&#8221;30&#8243; responsive_align=&#8221;text-center&#8221; translate_from_y=&#8221;100&#8243;]<style>.ld_spacer_69e57cb99ba07{height:20px;}<\/style>\n<div class=\"ld-empty-space ld_spacer_69e57cb99ba07\"><\/div>[vc_row_inner gap=&#8221;0&#8243;][vc_column_inner offset=&#8221;vc_col-md-offset-3 vc_col-md-6&#8243;]<style>.ld_fancy_heading_69e57cb99bdfa h2{color:rgb(0, 57, 105);}@media (min-width: 1200px) { .ld_fancy_heading_69e57cb99bdfa h2 {font-size:45px; }  } @media (min-width: 1200px) { .ld_fancy_heading_69e57cb99bdfa h2 {font-weight:400; }  } .ld_fancy_heading_69e57cb99bdfa .lqd-highlight-inner{height:0.275em!important;bottom:0px!important;}@media (min-width: 1200px) { .ld_fancy_heading_69e57cb99bdfa h2 {font-size:45px; }  } @media (min-width: 1200px) { .ld_fancy_heading_69e57cb99bdfa h2 {font-weight:400; }  } <\/style><div class=\"ld-fancy-heading text-center ld_fancy_heading_69e57cb99bdfa\">\n\t<h2 class=\"ld-fh-element lqd-highlight-underline lqd-highlight-grow-left text-decoration-default\"   >  <strong>Ethical<\/strong> channel<\/h2><\/div><style>.ld_fancy_heading_69e57cb99c33b p{color:rgba(17, 36, 70, 0.5);}.ld_fancy_heading_69e57cb99c33b p {font-size:18px; } .ld_fancy_heading_69e57cb99c33b .lqd-highlight-inner{height:0.275em!important;bottom:0px!important;}.ld_fancy_heading_69e57cb99c33b p {font-size:18px; } <\/style><div class=\"ld-fancy-heading ld_fancy_heading_69e57cb99c33b\">\n\t<p class=\"ld-fh-element lqd-highlight-underline lqd-highlight-grow-left text-decoration-default\"   >  Grupo Azvi\u2019s Ethical Channel allows any interested party to report alleged irregularities committed by employees and business partners to our Crime Prevention and Detection Committee via our Compliance Department. This information will always be treated confidentially and anonymously.<\/p><\/div>[\/vc_column_inner][\/vc_row_inner]<style>.ld_spacer_69e57cb99c66f{height:40px;}<\/style>\n<div class=\"ld-empty-space ld_spacer_69e57cb99c66f\"><\/div>[\/vc_column][\/vc_row][vc_row full_width=&#8221;stretch_row&#8221; gap=&#8221;35&#8243; content_placement=&#8221;top&#8221; responsive_css=&#8221;padding_right_large:4em|padding_left_large:4em&#8221; css=&#8221;.vc_custom_1697034976665{background-color: #ffffff !important;}&#8221;][vc_column]<style>.ld_spacer_69e57cb99c810{height:20px;}<\/style>\n<div class=\"ld-empty-space ld_spacer_69e57cb99c810\"><\/div>[\/vc_column][\/vc_row][vc_row gap=&#8221;25&#8243; content_placement=&#8221;top&#8221; responsive_css=&#8221;padding_right_large:4em|padding_left_large:4em|padding_top_medium:100px|padding_bottom_medium:100px|padding_top_small:80px|padding_bottom_small:80px&#8221; css=&#8221;.vc_custom_1705577293008{padding-top: 30px !important;padding-bottom: 60px !important;background-color: rgba(236,236,236,0.5) !important;*background-color: rgb(236,236,236) !important;}&#8221;][vc_column width=&#8221;1\/3&#8243;]<style>.ld_fancy_heading_69e57cb99cb1f h3{color:rgb(0, 57, 105);}.ld_fancy_heading_69e57cb99cb1f h3 {font-size:30px; } @media (min-width: 768px) { .ld_fancy_heading_69e57cb99cb1f h3 {font-size:38px; }  } .ld_fancy_heading_69e57cb99cb1f h3 {font-weight:500; } .ld_fancy_heading_69e57cb99cb1f h3 {margin-top:40px !important; margin-bottom:20px !important;  } @media (min-width: 768px) { .ld_fancy_heading_69e57cb99cb1f h3 {margin-top:40px !important; margin-bottom:20px !important;  }  } @media (min-width: 992px) { .ld_fancy_heading_69e57cb99cb1f h3 {margin-top:0px !important; margin-bottom:20px !important;  }  } .ld_fancy_heading_69e57cb99cb1f .lqd-highlight-inner{height:0.275em!important;bottom:0px!important;}.ld_fancy_heading_69e57cb99cb1f h3 {font-size:30px; } @media (min-width: 768px) { .ld_fancy_heading_69e57cb99cb1f h3 {font-size:38px; }  } .ld_fancy_heading_69e57cb99cb1f h3 {font-weight:500; } .ld_fancy_heading_69e57cb99cb1f h3 {margin-top:40px !important; margin-bottom:20px !important;  } @media (min-width: 768px) { .ld_fancy_heading_69e57cb99cb1f h3 {margin-top:40px !important; margin-bottom:20px !important;  }  } @media (min-width: 992px) { .ld_fancy_heading_69e57cb99cb1f h3 {margin-top:0px !important; margin-bottom:20px !important;  }  } <\/style><div class=\"ld-fancy-heading text-left ld_fancy_heading_69e57cb99cb1f\">\n\t<h3 class=\"ld-fh-element lqd-highlight-underline lqd-highlight-grow-left text-decoration-default\"   >  Communication<\/h3><\/div><style>.ld_fancy_heading_69e57cb99cfe5 p{color:rgb(0, 0, 0);}.ld_fancy_heading_69e57cb99cfe5 p {font-size:14px; } .ld_fancy_heading_69e57cb99cfe5 p {line-height:1.88em; } .ld_fancy_heading_69e57cb99cfe5 p {--element-line-height:1.88em; } .ld_fancy_heading_69e57cb99cfe5 .lqd-highlight-inner{height:0.275em!important;bottom:0px!important;}.ld_fancy_heading_69e57cb99cfe5 p {font-size:14px; } .ld_fancy_heading_69e57cb99cfe5 p {line-height:1.88em; } .ld_fancy_heading_69e57cb99cfe5 p {--element-line-height:1.88em; } <\/style><div class=\"ld-fancy-heading ld_fancy_heading_69e57cb99cfe5\">\n\t<p class=\"ld-fh-element lqd-highlight-underline lqd-highlight-grow-left text-decoration-default\"   >  Possible irregularities can be reported in the following ways:<\/p>\n<ul>\n<li><strong>By e-mail <\/strong>to:<\/li>\n<\/ul>\n<p><\/p><\/div><style>.ld_fancy_heading_69e57cb99d550 p{color:rgb(0, 0, 0);}.ld_fancy_heading_69e57cb99d550 p {font-size:14px; } .ld_fancy_heading_69e57cb99d550 p {line-height:1.88em; } .ld_fancy_heading_69e57cb99d550 p {--element-line-height:1.88em; } .ld_fancy_heading_69e57cb99d550 .lqd-highlight-inner{height:0.275em!important;bottom:0px!important;}.ld_fancy_heading_69e57cb99d550 p {font-size:14px; } .ld_fancy_heading_69e57cb99d550 p {line-height:1.88em; } .ld_fancy_heading_69e57cb99d550 p {--element-line-height:1.88em; } <\/style><div class=\"ld-fancy-heading ld_fancy_heading_69e57cb99d550\">\n\t<p class=\"ld-fh-element lqd-highlight-underline lqd-highlight-grow-left text-decoration-default\"   >  <a href=\"mailto:comisionprevenciondelitos@contactogrupoazvi.es\">comisionprevenciondelitos@contactogrupoazvi.es<\/a><\/p><\/div><style>.ld_fancy_heading_69e57cb99dbc7 p{color:rgb(0, 0, 0);}.ld_fancy_heading_69e57cb99dbc7 p {font-size:14px; } .ld_fancy_heading_69e57cb99dbc7 p {line-height:1.88em; } .ld_fancy_heading_69e57cb99dbc7 p {--element-line-height:1.88em; } .ld_fancy_heading_69e57cb99dbc7 .lqd-highlight-inner{height:0.275em!important;bottom:0px!important;}.ld_fancy_heading_69e57cb99dbc7 p {font-size:14px; } .ld_fancy_heading_69e57cb99dbc7 p {line-height:1.88em; } .ld_fancy_heading_69e57cb99dbc7 p {--element-line-height:1.88em; } <\/style><div class=\"ld-fancy-heading ld_fancy_heading_69e57cb99dbc7\">\n\t<p class=\"ld-fh-element lqd-highlight-underline lqd-highlight-grow-left text-decoration-default\"   >  <\/p>\n<ul>\n<li><strong>By Post<\/strong>\u00a0to:<\/li>\n<\/ul>\n<p><\/p><\/div><style>.ld_fancy_heading_69e57cb99e28a p{color:rgb(0, 0, 0);}.ld_fancy_heading_69e57cb99e28a p {font-size:14px; } .ld_fancy_heading_69e57cb99e28a p {line-height:1.88em; } .ld_fancy_heading_69e57cb99e28a p {--element-line-height:1.88em; } .ld_fancy_heading_69e57cb99e28a .lqd-highlight-inner{height:0.275em!important;bottom:0px!important;}.ld_fancy_heading_69e57cb99e28a p {font-size:14px; } .ld_fancy_heading_69e57cb99e28a p {line-height:1.88em; } .ld_fancy_heading_69e57cb99e28a p {--element-line-height:1.88em; } <\/style><div class=\"ld-fancy-heading ld_fancy_heading_69e57cb99e28a\">\n\t<p class=\"ld-fh-element lqd-highlight-underline lqd-highlight-grow-left text-decoration-default\"   >  <strong>Grupo de Empresas Azvi, S.L.<\/strong><br \/>\nA\/A Coordinador de la Comisi\u00f3n de Prevenci\u00f3n y Detecci\u00f3n de Hechos Delictivos.<br \/>\nDepartamento Auditor\u00eda Interna y Cumplimiento Normativo.<br \/>\nC\/ Almendralejo, 5. 41019 Sevilla.<\/p><\/div>[\/vc_column][vc_column width=&#8221;2\/3&#8243; enable_content_animation=&#8221;yes&#8221; ca_init_scale_x=&#8221;1&#8243; ca_init_scale_y=&#8221;1&#8243; ca_init_opacity=&#8221;0&#8243; ca_an_scale_x=&#8221;1&#8243; ca_an_scale_y=&#8221;1&#8243; ca_an_opacity=&#8221;1&#8243; ca_init_scale_z=&#8221;1&#8243; ca_an_scale_z=&#8221;1&#8243; css=&#8221;.vc_custom_1705577319654{padding-top: 35px !important;padding-right: 15px !important;padding-bottom: 40px !important;border-radius: 5px !important;}&#8221; responsive_css=&#8221;padding_right_medium:50px|padding_bottom_medium:20px|padding_left_medium:20px|padding_right_small:20px&#8221; ca_duration=&#8221;1800&#8243; ca_start_delay=&#8221;250&#8243; ca_delay=&#8221;180&#8243; ca_init_translate_y=&#8221;35&#8243;]<style>.ld_fancy_heading_69e57cb99ea49 p{color:rgb(0, 0, 0);}.ld_fancy_heading_69e57cb99ea49 p {font-size:14px; } .ld_fancy_heading_69e57cb99ea49 p {line-height:1.88em; } .ld_fancy_heading_69e57cb99ea49 p {--element-line-height:1.88em; } .ld_fancy_heading_69e57cb99ea49 .lqd-highlight-inner{height:0.275em!important;bottom:0px!important;}.ld_fancy_heading_69e57cb99ea49 p {font-size:14px; } .ld_fancy_heading_69e57cb99ea49 p {line-height:1.88em; } .ld_fancy_heading_69e57cb99ea49 p {--element-line-height:1.88em; } <\/style><div class=\"ld-fancy-heading ld_fancy_heading_69e57cb99ea49\">\n\t<p class=\"ld-fh-element lqd-highlight-underline lqd-highlight-grow-left text-decoration-default\"   >  <b>If you wish, it is not necessary to fill in the name and e-mail fields.<\/b><\/p><\/div><style>.ld_spacer_69e57cb99eeb9{height:20px;}<\/style>\n<div class=\"ld-empty-space ld_spacer_69e57cb99eeb9\"><\/div><style>.ld_cf7_69e57cb99f1da input,.ld_cf7_69e57cb99f1da textarea,.ld_cf7_69e57cb99f1da .ui-button.ui-selectmenu-button{font-size:14px;font-weight:400;}.ld_cf7_69e57cb99f1da input[type=\"submit\"]{font-size:16px;font-weight:700;background:rgb(0, 57, 105);color:rgb(255, 255, 255);}.ld_cf7_69e57cb99f1da input, .ld_cf7_69e57cb99f1da select, .ld_cf7_69e57cb99f1da textarea, .ld_cf7_69e57cb99f1da .ui-button.ui-selectmenu-button, .ld_cf7_69e57cb99f1da .wpcf7-form-control-wrap > i, .ld_cf7_69e57cb99f1da .wpcf7-radio{color:rgb(0, 0, 0);}.ld_cf7_69e57cb99f1da input:focus, .ld_cf7_69e57cb99f1da select:focus, .ld_cf7_69e57cb99f1da textarea:focus, .ld_cf7_69e57cb99f1da .ui-button.ui-selectmenu-button:hover, .wpcf7-acceptance .wpcf7-list-item-label:after{color:rgb(0, 0, 0);}.ld_cf7_69e57cb99f1da input, .ld_cf7_69e57cb99f1da select, .ld_cf7_69e57cb99f1da textarea, .ld_cf7_69e57cb99f1da .ui-button.ui-selectmenu-button, .ld_cf7_69e57cb99f1da .wpcf7-acceptance .wpcf7-list-item-label:before{border-color:rgb(208, 215, 222);}.ld_cf7_69e57cb99f1da input:focus, .ld_cf7_69e57cb99f1da select:focus, .ld_cf7_69e57cb99f1da textarea:focus, .ld_cf7_69e57cb99f1da .ui-button.ui-selectmenu-button:hover{border-color:rgb(0, 0, 0);}.ld_cf7_69e57cb99f1da input[type=\"submit\"]:focus,.ld_cf7_69e57cb99f1da input[type=\"submit\"]:hover{background:rgba(0, 57, 105, 0.79);}.ld_cf7_69e57cb99f1da input[type=\"submit\"]:hover{color:rgb(255, 255, 255);}.ld_cf7_69e57cb99f1da .wpcf7-form-control-wrap{margin-bottom:30px;}<\/style><div id=\"ld_cf7_69e57cb99f1da\" class=\"lqd-contact-form lqd-contact-form-inputs-underlined lqd-contact-form-inputs-border-thick lqd-contact-form-button-lg lqd-contact-form-button-block lqd-contact-form-button-circle ld_cf7_69e57cb99f1da vc_custom_1705576960785\">\n\t\n<div class=\"wpcf7 no-js\" id=\"wpcf7-f13191-o1\" lang=\"en-US\" dir=\"ltr\" data-wpcf7-id=\"13191\">\n<div class=\"screen-reader-response\"><p role=\"status\" aria-live=\"polite\" aria-atomic=\"true\"><\/p> <ul><\/ul><\/div>\n<form action=\"\/en\/wp-json\/wp\/v2\/pages\/12976#wpcf7-f13191-o1\" method=\"post\" class=\"wpcf7-form init\" aria-label=\"Contact form\" novalidate=\"novalidate\" data-status=\"init\">\n<fieldset class=\"hidden-fields-container\"><input type=\"hidden\" name=\"_wpcf7\" value=\"13191\" \/><input type=\"hidden\" name=\"_wpcf7_version\" value=\"6.1.5\" \/><input type=\"hidden\" name=\"_wpcf7_locale\" value=\"en_US\" \/><input type=\"hidden\" name=\"_wpcf7_unit_tag\" value=\"wpcf7-f13191-o1\" \/><input type=\"hidden\" name=\"_wpcf7_container_post\" value=\"0\" \/><input type=\"hidden\" name=\"_wpcf7_posted_data_hash\" value=\"\" \/><input type=\"hidden\" name=\"_wpcf7_recaptcha_response\" value=\"\" \/>\n<\/fieldset>\n<div class=\"row\">\n\t<div class=\"col-md-6\">\n\t\t<p style=\"margin: 0; color: rgba(0 0 0 \/ 0.3); font-size: 12px;\">Optional field\n\t\t<\/p>\n\t\t<p><span class=\"wpcf7-form-control-wrap\" data-name=\"text-nombre\"><input size=\"40\" maxlength=\"400\" class=\"wpcf7-form-control wpcf7-text\" aria-invalid=\"false\" placeholder=\"Your name\" value=\"\" type=\"text\" name=\"text-nombre\" \/><\/span>\n\t\t<\/p>\n\t<\/div>\n\t<div class=\"col-md-6\">\n\t\t<p style=\"margin: 0; color: rgba(0 0 0 \/ 0.3); font-size: 12px;\">Optional field\n\t\t<\/p>\n\t\t<p><span class=\"wpcf7-form-control-wrap\" data-name=\"email-899\"><input size=\"40\" maxlength=\"400\" class=\"wpcf7-form-control wpcf7-email wpcf7-text wpcf7-validates-as-email\" aria-invalid=\"false\" placeholder=\"Your email\" value=\"\" type=\"email\" name=\"email-899\" \/><\/span>\n\t\t<\/p>\n\t<\/div>\n\t<div class=\"col-md-6\">\n\t\t<p style=\"margin: 0; color: rgba(0 0 0 \/ 0.3); font-size: 12px;\">Optional field\n\t\t<\/p>\n\t\t<p><span class=\"wpcf7-form-control-wrap\" data-name=\"tel-957\"><input size=\"40\" maxlength=\"400\" class=\"wpcf7-form-control wpcf7-tel wpcf7-text wpcf7-validates-as-tel\" aria-invalid=\"false\" placeholder=\"Phone\" value=\"\" type=\"tel\" name=\"tel-957\" \/><\/span>\n\t\t<\/p>\n\t<\/div>\n\t<div class=\"col-md-6\">\n\t\t<p style=\"margin: 0; color: rgba(0 0 0 \/ 0.3); font-size: 12px;\">Subject\n\t\t<\/p>\n\t\t<p><span class=\"wpcf7-form-control-wrap\" data-name=\"text-asunto\"><input size=\"40\" maxlength=\"400\" class=\"wpcf7-form-control wpcf7-text wpcf7-validates-as-required\" aria-required=\"true\" aria-invalid=\"false\" placeholder=\"Message title\" value=\"\" type=\"text\" name=\"text-asunto\" \/><\/span>\n\t\t<\/p>\n\t<\/div>\n\t<div class=\"col-md-12\">\n\t\t<p style=\"margin: 0; color: rgba(0 0 0 \/ 0.3); font-size: 12px;\">Your message\n\t\t<\/p>\n\t\t<p><span class=\"wpcf7-form-control-wrap\" data-name=\"textarea-mensaje\"><textarea cols=\"10\" rows=\"4\" maxlength=\"2000\" class=\"wpcf7-form-control wpcf7-textarea wpcf7-validates-as-required\" aria-required=\"true\" aria-invalid=\"false\" placeholder=\"Write here\" name=\"textarea-mensaje\"><\/textarea><\/span>\n\t\t<\/p>\n\t<\/div>\n\t<div class=\"col-md-12\">\n\t\t<p><span class=\"wpcf7-form-control-wrap\" data-name=\"acceptance-666\"><span class=\"wpcf7-form-control wpcf7-acceptance optional\"><span class=\"wpcf7-list-item\"><label><input type=\"checkbox\" name=\"acceptance-666\" value=\"1\" aria-invalid=\"false\" \/><span class=\"wpcf7-list-item-label\">I accept the terms of use, <a href=\"https:\/\/www.azvi.es\/en\/legal-notice\/\" target=\"_blank\">\u00a0 Data Protection Act<\/a>, <a href=\"https:\/\/www.azvi.es\/en\/cookies-policy\/\" target=\"_blank\">\u00a0 Cookies Policy<\/a>\u00a0 and <a href=\"https:\/\/www.azvi.es\/en\/privacy-policy\/\" target=\"_blank\"> \u00a0 Privacy Policy<\/a>.<\/span><\/label><\/span><\/span><\/span>\n\t\t<\/p>\n\t<\/div>\n\t<div class=\"col-md-12\">\n\t\t<p><input class=\"wpcf7-form-control wpcf7-submit has-spinner\" type=\"submit\" value=\"Send a message\" \/>\n\t\t<\/p>\n\t<\/div>\n<\/div><div class=\"wpcf7-response-output\" aria-hidden=\"true\"><\/div>\n<\/form>\n<\/div>\n<\/div>[\/vc_column][\/vc_row]<\/p>\n","protected":false},"excerpt":{"rendered":"<p>[vc_row full_width=&#8221;stretch_row&#8221; gap=&#8221;35&#8243; content_placement=&#8221;middle&#8221; parallax=&#8221;enable_parallax&#8221; bg_position=&#8221;center center&#8221; css=&#8221;.vc_custom_1707307392108{padding-top: 175px !important;padding-bottom: 175px !important;background-image: url(https:\/\/www.azvi.es\/wp-content\/uploads\/2024\/02\/AdobeStock_642080669.jpeg?id=10651) !important;background-position: center;background-repeat: no-repeat !important;background-size: cover !important;}&#8221; el_class=&#8221;z-index-2&#8243; responsive_css=&#8221;padding_right_large:4em|padding_left_large:4em&#8221;][vc_column responsive_css=&#8221;margin_bottom_medium:0px&#8221; css=&#8221;.vc_custom_1703249644401{margin-bottom: 20px !important;}&#8221;][\/vc_column][\/vc_row][vc_row el_id=&#8221;idi&#8221;][vc_column parallax=&#8221;yes&#8221; scale_from_x=&#8221;1.2&#8243; scale_from_y=&#8221;1.2&#8243; from_opacity=&#8221;1&#8243; scale_to_x=&#8221;1&#8243; scale_to_y=&#8221;1&#8243; to_opacity=&#8221;1&#8243; enable_content_animation=&#8221;yes&#8221; ca_init_scale_x=&#8221;1&#8243; ca_init_scale_y=&#8221;1&#8243; ca_init_opacity=&#8221;0&#8243; ca_an_scale_x=&#8221;1&#8243; ca_an_scale_y=&#8221;1&#8243; ca_an_opacity=&#8221;1&#8243; scale_from_z=&#8221;1&#8243; scale_to_z=&#8221;1&#8243; align=&#8221;text-center&#8221; responsive_css=&#8221;padding_right_medium:6%25|padding_left_medium:6%25&#8243; css=&#8221;.vc_custom_1701432519273{margin-bottom: 65px !important;}&#8221; ca_duration=&#8221;1800&#8243; ca_delay=&#8221;180&#8243; ca_init_translate_y=&#8221;30&#8243; responsive_align=&#8221;text-center&#8221; translate_from_y=&#8221;100&#8243;][vc_row_inner gap=&#8221;0&#8243;][vc_column_inner offset=&#8221;vc_col-md-offset-3 vc_col-md-6&#8243;][\/vc_column_inner][\/vc_row_inner][\/vc_column][\/vc_row][vc_row [&hellip;]<\/p>\n","protected":false},"author":1,"featured_media":0,"parent":0,"menu_order":0,"comment_status":"closed","ping_status":"closed","template":"","meta":{"inline_featured_image":false,"footnotes":""},"class_list":["post-12976","page","type-page","status-publish","hentry"],"_links":{"self":[{"href":"https:\/\/www.azvi.es\/en\/wp-json\/wp\/v2\/pages\/12976","targetHints":{"allow":["GET"]}}],"collection":[{"href":"https:\/\/www.azvi.es\/en\/wp-json\/wp\/v2\/pages"}],"about":[{"href":"https:\/\/www.azvi.es\/en\/wp-json\/wp\/v2\/types\/page"}],"author":[{"embeddable":true,"href":"https:\/\/www.azvi.es\/en\/wp-json\/wp\/v2\/users\/1"}],"replies":[{"embeddable":true,"href":"https:\/\/www.azvi.es\/en\/wp-json\/wp\/v2\/comments?post=12976"}],"version-history":[{"count":2,"href":"https:\/\/www.azvi.es\/en\/wp-json\/wp\/v2\/pages\/12976\/revisions"}],"predecessor-version":[{"id":13394,"href":"https:\/\/www.azvi.es\/en\/wp-json\/wp\/v2\/pages\/12976\/revisions\/13394"}],"wp:attachment":[{"href":"https:\/\/www.azvi.es\/en\/wp-json\/wp\/v2\/media?parent=12976"}],"curies":[{"name":"wp","href":"https:\/\/api.w.org\/{rel}","templated":true}]}}